{"id":1932,"date":"2023-01-12T14:55:14","date_gmt":"2023-01-12T14:55:14","guid":{"rendered":"http:\/\/agio.ee\/?page_id=1932"},"modified":"2025-02-18T11:54:28","modified_gmt":"2025-02-18T11:54:28","slug":"yhteystiedot","status":"publish","type":"page","link":"https:\/\/agio.ee\/fi\/yhteystiedot\/","title":{"rendered":"Yhteystiedot"},"content":{"rendered":"\t\t<div data-elementor-type=\"wp-page\" data-elementor-id=\"1932\" class=\"elementor elementor-1932 elementor-19\" data-elementor-post-type=\"page\">\n\t\t\t\t<div class=\"elementor-element elementor-element-cb723b1 e-flex e-con-boxed e-con e-parent\" data-id=\"cb723b1\" data-element_type=\"container\" data-e-type=\"container\">\n\t\t\t\t\t<div class=\"e-con-inner\">\n\t\t\t\t<div class=\"elementor-element elementor-element-6638e38 elementor-invisible elementor-widget elementor-widget-heading\" data-id=\"6638e38\" data-element_type=\"widget\" data-e-type=\"widget\" data-settings=\"{&quot;_animation&quot;:&quot;fadeInUp&quot;}\" data-widget_type=\"heading.default\">\n\t\t\t\t<div class=\"elementor-widget-container\">\n\t\t\t\t\t<h2 class=\"elementor-heading-title elementor-size-default\">YHTEYSTIEDOT<\/h2>\t\t\t\t<\/div>\n\t\t\t\t<\/div>\n\t\t\t\t\t<\/div>\n\t\t\t\t<\/div>\n\t\t<div class=\"elementor-element elementor-element-5f3b2df e-flex e-con-boxed e-con e-parent\" data-id=\"5f3b2df\" data-element_type=\"container\" data-e-type=\"container\">\n\t\t\t\t\t<div class=\"e-con-inner\">\n\t\t<div class=\"elementor-element elementor-element-9e8eb50 e-con-full e-flex e-con e-child\" data-id=\"9e8eb50\" data-element_type=\"container\" data-e-type=\"container\">\n\t\t\t\t<div class=\"elementor-element elementor-element-06449c0 elementor-view-default elementor-widget elementor-widget-icon\" data-id=\"06449c0\" data-element_type=\"widget\" data-e-type=\"widget\" data-widget_type=\"icon.default\">\n\t\t\t\t<div class=\"elementor-widget-container\">\n\t\t\t\t\t\t\t<div class=\"elementor-icon-wrapper\">\n\t\t\t<div class=\"elementor-icon\">\n\t\t\t<i aria-hidden=\"true\" class=\"fas fa-home\"><\/i>\t\t\t<\/div>\n\t\t<\/div>\n\t\t\t\t\t\t<\/div>\n\t\t\t\t<\/div>\n\t\t\t\t<div class=\"elementor-element elementor-element-8c94043 elementor-widget elementor-widget-heading\" data-id=\"8c94043\" data-element_type=\"widget\" data-e-type=\"widget\" data-widget_type=\"heading.default\">\n\t\t\t\t<div class=\"elementor-widget-container\">\n\t\t\t\t\t<h3 class=\"elementor-heading-title elementor-size-default\">Osoite<\/h3>\t\t\t\t<\/div>\n\t\t\t\t<\/div>\n\t\t\t\t<div class=\"elementor-element elementor-element-9953f1d elementor-widget elementor-widget-text-editor\" data-id=\"9953f1d\" data-element_type=\"widget\" data-e-type=\"widget\" data-widget_type=\"text-editor.default\">\n\t\t\t\t<div class=\"elementor-widget-container\">\n\t\t\t\t\t\t\t\t\t<p>AGIO EHITUS O\u00dc<\/p>\n<p>Ehitajate tee 108<\/p>\n<p>Tallinn 13517, Harjumaa<\/p>\n\t\t\t\t\t\t\t\t<\/div>\n\t\t\t\t<\/div>\n\t\t\t\t<\/div>\n\t\t<div class=\"elementor-element elementor-element-0db5e79 e-con-full e-flex e-con e-child\" data-id=\"0db5e79\" data-element_type=\"container\" data-e-type=\"container\">\n\t\t\t\t<div class=\"elementor-element elementor-element-34a70ef elementor-view-default elementor-widget elementor-widget-icon\" data-id=\"34a70ef\" data-element_type=\"widget\" data-e-type=\"widget\" data-widget_type=\"icon.default\">\n\t\t\t\t<div class=\"elementor-widget-container\">\n\t\t\t\t\t\t\t<div class=\"elementor-icon-wrapper\">\n\t\t\t<div class=\"elementor-icon\">\n\t\t\t<i aria-hidden=\"true\" class=\"fas fa-phone-alt\"><\/i>\t\t\t<\/div>\n\t\t<\/div>\n\t\t\t\t\t\t<\/div>\n\t\t\t\t<\/div>\n\t\t\t\t<div class=\"elementor-element elementor-element-c097161 elementor-widget elementor-widget-heading\" data-id=\"c097161\" data-element_type=\"widget\" data-e-type=\"widget\" data-widget_type=\"heading.default\">\n\t\t\t\t<div class=\"elementor-widget-container\">\n\t\t\t\t\t<h3 class=\"elementor-heading-title elementor-size-default\">Yhteystiedot<\/h3>\t\t\t\t<\/div>\n\t\t\t\t<\/div>\n\t\t\t\t<div class=\"elementor-element elementor-element-beb60e9 elementor-widget elementor-widget-text-editor\" data-id=\"beb60e9\" data-element_type=\"widget\" data-e-type=\"widget\" data-widget_type=\"text-editor.default\">\n\t\t\t\t<div class=\"elementor-widget-container\">\n\t\t\t\t\t\t\t\t\t<p><strong>Alexander Nikonovich<\/strong><\/p>\n<p><em>Hallituksen j\u00e4sen<\/em><\/p>\n<p><a href=\"tel:+3725651026\"><span style=\"text-decoration: underline;\">+3725651026<\/span><\/a><\/p>\n<p><a href=\"mailto:a&#103;&#105;&#111;&#64;&#97;&#103;&#105;&#111;&#46;&#101;&#x65;\">&#97;&#x67;i&#111;&#x40;a&#103;&#x69;o&#46;&#x65;e<\/a><\/p>\n\t\t\t\t\t\t\t\t<\/div>\n\t\t\t\t<\/div>\n\t\t\t\t<div class=\"elementor-element elementor-element-e9ca6c2 elementor-widget elementor-widget-text-editor\" data-id=\"e9ca6c2\" data-element_type=\"widget\" data-e-type=\"widget\" data-widget_type=\"text-editor.default\">\n\t\t\t\t<div class=\"elementor-widget-container\">\n\t\t\t\t\t\t\t\t\t<p><strong>Sergei Nikonovich<\/strong><\/p>\n<p><em>Projektip\u00e4\u00e4llikk\u00f6<\/em><\/p>\n<p><a href=\"tel:+37256928540\"><span style=\"text-decoration: underline;\">+37256928540<\/span><\/a><\/p>\n<p><a href=\"mail&#116;&#111;&#58;&#115;&#101;&#x72;&#x67;&#x65;&#x69;&#x40;&#x61;&#x67;io&#46;e&#101;\">s&#101;&#x72;&#x67;&#x65;i&#64;&#97;&#x67;&#x69;o&#46;&#101;&#x65;<\/a><\/p>\n\t\t\t\t\t\t\t\t<\/div>\n\t\t\t\t<\/div>\n\t\t\t\t<div class=\"elementor-element elementor-element-551cfbc elementor-widget elementor-widget-text-editor\" data-id=\"551cfbc\" data-element_type=\"widget\" data-e-type=\"widget\" data-widget_type=\"text-editor.default\">\n\t\t\t\t<div class=\"elementor-widget-container\">\n\t\t\t\t\t\t\t\t\t<p><strong>Dmitri Gu\u0161t\u0161in<\/strong><\/p>\n<p><em>Toimittaja<\/em><\/p>\n<p><a href=\"tel:+37255646174\"><span style=\"text-decoration: underline;\">+37255646174<\/span><\/a><\/p>\n<p><a href=\"mail&#116;&#111;&#58;&#100;&#109;&#x69;&#x74;&#x72;&#x69;&#x40;&#x61;&#x67;io&#46;e&#101;\">&#x64;&#x6d;&#105;&#116;ri&#x40;&#x61;&#x67;&#105;o&#46;&#x65;&#x65;<\/a><\/p>\n\t\t\t\t\t\t\t\t<\/div>\n\t\t\t\t<\/div>\n\t\t\t\t<\/div>\n\t\t<div class=\"elementor-element elementor-element-a9671c7 e-con-full e-flex e-con e-child\" data-id=\"a9671c7\" data-element_type=\"container\" data-e-type=\"container\">\n\t\t\t\t<div class=\"elementor-element elementor-element-3e38a8e elementor-view-default elementor-widget elementor-widget-icon\" data-id=\"3e38a8e\" data-element_type=\"widget\" data-e-type=\"widget\" data-widget_type=\"icon.default\">\n\t\t\t\t<div class=\"elementor-widget-container\">\n\t\t\t\t\t\t\t<div class=\"elementor-icon-wrapper\">\n\t\t\t<div class=\"elementor-icon\">\n\t\t\t<i aria-hidden=\"true\" class=\"far fa-envelope\"><\/i>\t\t\t<\/div>\n\t\t<\/div>\n\t\t\t\t\t\t<\/div>\n\t\t\t\t<\/div>\n\t\t\t\t<div class=\"elementor-element elementor-element-2c7c3b3 elementor-widget elementor-widget-heading\" data-id=\"2c7c3b3\" data-element_type=\"widget\" data-e-type=\"widget\" data-widget_type=\"heading.default\">\n\t\t\t\t<div class=\"elementor-widget-container\">\n\t\t\t\t\t<h3 class=\"elementor-heading-title elementor-size-default\">S\u00e4hk\u00f6posti<\/h3>\t\t\t\t<\/div>\n\t\t\t\t<\/div>\n\t\t\t\t<div class=\"elementor-element elementor-element-ac210e6 elementor-widget elementor-widget-text-editor\" data-id=\"ac210e6\" data-element_type=\"widget\" data-e-type=\"widget\" data-widget_type=\"text-editor.default\">\n\t\t\t\t<div class=\"elementor-widget-container\">\n\t\t\t\t\t\t\t\t\t<p><a href=\"&#x6d;&#x61;&#x69;&#x6c;&#116;&#111;&#58;ag&#x69;&#x6f;&#x40;&#x61;&#x67;&#105;&#111;&#46;ee\">&#x61;&#x67;&#105;o&#64;&#x61;&#x67;&#105;&#111;&#46;&#x65;&#x65;<\/a><\/p>\n\t\t\t\t\t\t\t\t<\/div>\n\t\t\t\t<\/div>\n\t\t\t\t<\/div>\n\t\t\t\t\t<\/div>\n\t\t\t\t<\/div>\n\t\t\t\t<section class=\"elementor-section elementor-top-section elementor-element elementor-element-ee25964 elementor-section-height-min-height elementor-section-content-middle elementor-section-boxed elementor-section-height-default elementor-section-items-middle\" data-id=\"ee25964\" data-element_type=\"section\" data-e-type=\"section\">\n\t\t\t\t\t\t<div class=\"elementor-container elementor-column-gap-default\">\n\t\t\t\t\t<div class=\"elementor-column elementor-col-50 elementor-top-column elementor-element elementor-element-1624f1e\" data-id=\"1624f1e\" data-element_type=\"column\" data-e-type=\"column\">\n\t\t\t<div class=\"elementor-widget-wrap elementor-element-populated\">\n\t\t\t\t\t\t<div class=\"elementor-element elementor-element-1a66b7c elementor-widget elementor-widget-heading\" data-id=\"1a66b7c\" data-element_type=\"widget\" data-e-type=\"widget\" data-widget_type=\"heading.default\">\n\t\t\t\t<div class=\"elementor-widget-container\">\n\t\t\t\t\t<h2 class=\"elementor-heading-title elementor-size-default\">Ota meihin yhteytt\u00e4<\/h2>\t\t\t\t<\/div>\n\t\t\t\t<\/div>\n\t\t\t\t<div class=\"elementor-element elementor-element-af5c391 elementor-blockquote--align-left elementor-widget__width-initial elementor-blockquote--skin-border elementor-widget elementor-widget-blockquote\" data-id=\"af5c391\" data-element_type=\"widget\" data-e-type=\"widget\" data-widget_type=\"blockquote.default\">\n\t\t\t\t<div class=\"elementor-widget-container\">\n\t\t\t\t\t\t\t<blockquote class=\"elementor-blockquote\">\n\t\t\t<p class=\"elementor-blockquote__content\">\n\t\t\t\tAgio Ehitusilla on toimiluvat seuraaville toimialoille: vesijohtoverkostojen ja ulkoisten viem\u00e4riverkkojen rakentaminen; ulkoisten l\u00e4mmitysj\u00e4rjestelmien rakentaminen; rakennusvalvonta; yleisrakennusty\u00f6t; korjausty\u00f6t.\t\t\t<\/p>\n\t\t\t\t\t<\/blockquote>\n\t\t\t\t\t\t<\/div>\n\t\t\t\t<\/div>\n\t\t\t\t\t<\/div>\n\t\t<\/div>\n\t\t\t\t<div class=\"elementor-column elementor-col-50 elementor-top-column elementor-element elementor-element-cb5b04b\" data-id=\"cb5b04b\" data-element_type=\"column\" data-e-type=\"column\">\n\t\t\t<div class=\"elementor-widget-wrap elementor-element-populated\">\n\t\t\t\t\t\t<div class=\"elementor-element elementor-element-61cda20 elementor-button-align-start elementor-widget elementor-widget-form\" data-id=\"61cda20\" data-element_type=\"widget\" data-e-type=\"widget\" data-settings=\"{&quot;step_next_label&quot;:&quot;Next&quot;,&quot;step_previous_label&quot;:&quot;Previous&quot;,&quot;button_width&quot;:&quot;100&quot;,&quot;step_type&quot;:&quot;number_text&quot;,&quot;step_icon_shape&quot;:&quot;circle&quot;}\" data-widget_type=\"form.default\">\n\t\t\t\t<div class=\"elementor-widget-container\">\n\t\t\t\t\t\t\t<form class=\"elementor-form\" method=\"post\" name=\"New Form\" aria-label=\"New Form\">\n\t\t\t<input type=\"hidden\" name=\"post_id\" value=\"1932\"\/>\n\t\t\t<input type=\"hidden\" name=\"form_id\" value=\"61cda20\"\/>\n\t\t\t<input type=\"hidden\" name=\"referer_title\" value=\"Yhteystiedot\" \/>\n\n\t\t\t\t\t\t\t<input type=\"hidden\" name=\"queried_id\" value=\"1932\"\/>\n\t\t\t\n\t\t\t<div class=\"elementor-form-fields-wrapper elementor-labels-above\">\n\t\t\t\t\t\t\t\t<div class=\"elementor-field-type-text elementor-field-group elementor-column elementor-field-group-name elementor-col-100\">\n\t\t\t\t\t\t\t\t\t\t\t\t\t<input size=\"1\" type=\"text\" name=\"form_fields[name]\" id=\"form-field-name\" class=\"elementor-field elementor-size-sm  elementor-field-textual\" placeholder=\"Nimi\">\n\t\t\t\t\t\t\t\t\t\t\t<\/div>\n\t\t\t\t\t\t\t\t<div class=\"elementor-field-type-email elementor-field-group elementor-column elementor-field-group-email elementor-col-100 elementor-field-required\">\n\t\t\t\t\t\t\t\t\t\t\t\t\t<input size=\"1\" type=\"email\" name=\"form_fields[email]\" id=\"form-field-email\" class=\"elementor-field elementor-size-sm  elementor-field-textual\" placeholder=\"S\u00e4hk\u00f6postiosoite\" required=\"required\">\n\t\t\t\t\t\t\t\t\t\t\t<\/div>\n\t\t\t\t\t\t\t\t<div class=\"elementor-field-type-textarea elementor-field-group elementor-column elementor-field-group-message elementor-col-100\">\n\t\t\t\t\t<textarea class=\"elementor-field-textual elementor-field  elementor-size-sm\" name=\"form_fields[message]\" id=\"form-field-message\" rows=\"4\" placeholder=\"Viesti\"><\/textarea>\t\t\t\t<\/div>\n\t\t\t\t\t\t\t\t<div class=\"elementor-field-type-recaptcha_v3 elementor-field-group elementor-column elementor-field-group-field_1e5c1ad elementor-col-100 recaptcha_v3-bottomright\">\n\t\t\t\t\t<div class=\"elementor-field\" id=\"form-field-field_1e5c1ad\"><div class=\"elementor-g-recaptcha\" data-sitekey=\"6LcCaIopAAAAACYowHAk-pnkjzvioknvNdnbiaeh\" data-type=\"v3\" data-action=\"Form\" data-badge=\"bottomright\" data-size=\"invisible\"><\/div><\/div>\t\t\t\t<\/div>\n\t\t\t\t\t\t\t\t<div class=\"elementor-field-group elementor-column elementor-field-type-submit elementor-col-100 e-form__buttons\">\n\t\t\t\t\t<button class=\"elementor-button elementor-size-md\" type=\"submit\">\n\t\t\t\t\t\t<span class=\"elementor-button-content-wrapper\">\n\t\t\t\t\t\t\t\t\t\t\t\t\t\t\t\t\t\t\t\t\t\t<span class=\"elementor-button-text\">L\u00e4het\u00e4<\/span>\n\t\t\t\t\t\t\t\t\t\t\t\t\t<\/span>\n\t\t\t\t\t<\/button>\n\t\t\t\t<\/div>\n\t\t\t<\/div>\n\t\t<\/form>\n\t\t\t\t\t\t<\/div>\n\t\t\t\t<\/div>\n\t\t\t\t\t<\/div>\n\t\t<\/div>\n\t\t\t\t\t<\/div>\n\t\t<\/section>\n\t\t\t\t<\/div>\n\t\t","protected":false},"excerpt":{"rendered":"<p>YHTEYSTIEDOT Osoite AGIO EHITUS O\u00dc Ehitajate tee 108 Tallinn 13517, Harjumaa Yhteystiedot Alexander Nikonovich Hallituksen j\u00e4sen +3725651026 &#97;g&#x69;o&#x40;&#97;&#x67;&#105;&#x6f;&#46;e&#x65; Sergei Nikonovich Projektip\u00e4\u00e4llikk\u00f6 +37256928540 &#x73;&#101;&#114;&#x67;&#x65;&#105;&#64;&#x61;&#x67;&#105;&#111;&#x2e;&#x65;&#101; Dmitri Gu\u0161t\u0161in Toimittaja +37255646174 d&#109;&#105;&#116;&#x72;&#x69;&#x40;ag&#105;&#111;&#x2e;&#x65;&#x65; S\u00e4hk\u00f6posti &#x61;&#x67;&#105;&#111;&#64;a&#x67;&#x69;&#x6f;&#46;&#101;e Ota meihin yhteytt\u00e4 Agio Ehitusilla on toimiluvat seuraaville toimialoille: vesijohtoverkostojen ja ulkoisten viem\u00e4riverkkojen rakentaminen; ulkoisten l\u00e4mmitysj\u00e4rjestelmien rakentaminen; rakennusvalvonta; yleisrakennusty\u00f6t; korjausty\u00f6t.<\/p>\n","protected":false},"author":1,"featured_media":0,"parent":0,"menu_order":0,"comment_status":"closed","ping_status":"closed","template":"elementor_header_footer","meta":{"footnotes":""},"class_list":["post-1932","page","type-page","status-publish","hentry"],"_links":{"self":[{"href":"https:\/\/agio.ee\/fi\/wp-json\/wp\/v2\/pages\/1932","targetHints":{"allow":["GET"]}}],"collection":[{"href":"https:\/\/agio.ee\/fi\/wp-json\/wp\/v2\/pages"}],"about":[{"href":"https:\/\/agio.ee\/fi\/wp-json\/wp\/v2\/types\/page"}],"author":[{"embeddable":true,"href":"https:\/\/agio.ee\/fi\/wp-json\/wp\/v2\/users\/1"}],"replies":[{"embeddable":true,"href":"https:\/\/agio.ee\/fi\/wp-json\/wp\/v2\/comments?post=1932"}],"version-history":[{"count":24,"href":"https:\/\/agio.ee\/fi\/wp-json\/wp\/v2\/pages\/1932\/revisions"}],"predecessor-version":[{"id":3177,"href":"https:\/\/agio.ee\/fi\/wp-json\/wp\/v2\/pages\/1932\/revisions\/3177"}],"wp:attachment":[{"href":"https:\/\/agio.ee\/fi\/wp-json\/wp\/v2\/media?parent=1932"}],"curies":[{"name":"wp","href":"https:\/\/api.w.org\/{rel}","templated":true}]}}